{"id":2,"date":"2011-11-21T11:08:00","date_gmt":"2011-11-21T11:08:00","guid":{"rendered":"http:\/\/www.encatalogue.com\/capvers2\/?page_id=2"},"modified":"2022-01-26T23:58:56","modified_gmt":"2022-01-26T22:58:56","slug":"page-d-exemple","status":"publish","type":"page","link":"https:\/\/www.encatalogue.com\/capvers2\/page-d-exemple\/","title":{"rendered":"Qui sommes nous ?"},"content":{"rendered":"<p>L&rsquo;association regroupe des Mayennais, mordus du voyage ind\u00e9pendant, celui qu&rsquo;on invente soi-m\u00eame.<\/p>\n<p>Elle permet d&rsquo; \u00e9changer des exp\u00e9riences et points de vue aux travers de diaporamas, expos photos, soir\u00e9es \u00e0 th\u00e8mes, manifestations culturelles, sorties plein air\u2026<\/p>\n<p>Elle est soucieuse d&rsquo;encourager un tourisme respectueux des pays visit\u00e9s.<\/p>\n<p><center><br \/>\n<a href=\"http:\/\/www.encatalogue.com\/capvers2\/wp-content\/uploads\/2011\/11\/logo.gif\"><img loading=\"lazy\" decoding=\"async\" class=\"alignnone size-medium wp-image-12\" title=\"Association Cap Vers l'incitation aux voyages\" src=\"http:\/\/www.encatalogue.com\/capvers2\/wp-content\/uploads\/2011\/11\/logo-300x125.gif\" alt=\"logo Cap Vers l'incitation aux voyages\" width=\"300\" height=\"125\" srcset=\"https:\/\/www.encatalogue.com\/capvers2\/wp-content\/uploads\/2011\/11\/logo-300x125.gif 300w, https:\/\/www.encatalogue.com\/capvers2\/wp-content\/uploads\/2011\/11\/logo.gif 455w\" sizes=\"auto, (max-width: 300px) 100vw, 300px\" \/><\/a><br \/>\nAssociation CAP VERS\u2026 l\u2019incitation aux voyages.<br \/>\n53000 LAVAL<br \/>\nTel : 06.15.49.28.73<br \/>\nDemande de renseignements<\/center><\/p>\n","protected":false},"excerpt":{"rendered":"<p>L&rsquo;association regroupe des Mayennais, mordus du voyage ind\u00e9pendant, celui qu&rsquo;on invente soi-m\u00eame. Elle permet d&rsquo; \u00e9changer des exp\u00e9riences et points de vue aux travers de diaporamas, expos photos, soir\u00e9es \u00e0 th\u00e8mes, manifestations culturelles, sorties plein air\u2026 Elle est soucieuse d&rsquo;encourager &hellip; <a class=\"more-link\" href=\"https:\/\/www.encatalogue.com\/capvers2\/page-d-exemple\/\">read more<span class=\"meta-nav\"><\/span><\/a><\/p>\n","protected":false},"author":1,"featured_media":0,"parent":0,"menu_order":0,"comment_status":"open","ping_status":"open","template":"","meta":{"footnotes":""},"class_list":["post-2","page","type-page","status-publish","hentry"],"_links":{"self":[{"href":"https:\/\/www.encatalogue.com\/capvers2\/wp-json\/wp\/v2\/pages\/2","targetHints":{"allow":["GET"]}}],"collection":[{"href":"https:\/\/www.encatalogue.com\/capvers2\/wp-json\/wp\/v2\/pages"}],"about":[{"href":"https:\/\/www.encatalogue.com\/capvers2\/wp-json\/wp\/v2\/types\/page"}],"author":[{"embeddable":true,"href":"https:\/\/www.encatalogue.com\/capvers2\/wp-json\/wp\/v2\/users\/1"}],"replies":[{"embeddable":true,"href":"https:\/\/www.encatalogue.com\/capvers2\/wp-json\/wp\/v2\/comments?post=2"}],"version-history":[{"count":5,"href":"https:\/\/www.encatalogue.com\/capvers2\/wp-json\/wp\/v2\/pages\/2\/revisions"}],"predecessor-version":[{"id":373,"href":"https:\/\/www.encatalogue.com\/capvers2\/wp-json\/wp\/v2\/pages\/2\/revisions\/373"}],"wp:attachment":[{"href":"https:\/\/www.encatalogue.com\/capvers2\/wp-json\/wp\/v2\/media?parent=2"}],"curies":[{"name":"wp","href":"https:\/\/api.w.org\/{rel}","templated":true}]}}